{"id":725,"date":"2026-03-06T06:44:41","date_gmt":"2026-03-06T05:44:41","guid":{"rendered":"https:\/\/aev.cz\/?page_id=725"},"modified":"2026-03-26T15:29:18","modified_gmt":"2026-03-26T14:29:18","slug":"poptavka-pro-naceneni-vyroby","status":"publish","type":"page","link":"https:\/\/aev.cz\/en\/poptavka-pro-naceneni-vyroby\/","title":{"rendered":"Popt\u00e1vka pro nacen\u011bn\u00ed v\u00fdroby"},"content":{"rendered":"<style>.kb-row-layout-id725_d41a22-23 > .kt-row-column-wrap{align-content:start;}:where(.kb-row-layout-id725_d41a22-23 > .kt-row-column-wrap) > .wp-block-kadence-column{justify-content:start;}.kb-row-layout-id725_d41a22-23 > .kt-row-column-wrap{column-gap:var(--global-kb-gap-md, 2rem);row-gap:var(--global-kb-gap-md, 2rem);padding-top:var(--global-kb-spacing-3xl, 6.5rem);grid-template-columns:minmax(0, 1fr);}.kb-row-layout-id725_d41a22-23 > .kt-row-layout-overlay{opacity:0.30;}@media all and (max-width: 1024px){.kb-row-layout-id725_d41a22-23 > .kt-row-column-wrap{grid-template-columns:minmax(0, 1fr);}}@media all and (max-width: 767px){.kb-row-layout-id725_d41a22-23 > .kt-row-column-wrap{padding-top:var(--global-kb-spacing-lg, 3rem);grid-template-columns:minmax(0, 1fr);}}<\/style><div class=\"kb-row-layout-wrap kb-row-layout-id725_d41a22-23 alignnone wp-block-kadence-rowlayout\"><div class=\"kt-row-column-wrap kt-has-1-columns kt-row-layout-equal kt-tab-layout-inherit kt-mobile-layout-row kt-row-valign-top\">\n<style>.kadence-column725_ebfe6f-7f > .kt-inside-inner-col,.kadence-column725_ebfe6f-7f > .kt-inside-inner-col:before{border-top-left-radius:0px;border-top-right-radius:0px;border-bottom-right-radius:0px;border-bottom-left-radius:0px;}.kadence-column725_ebfe6f-7f > .kt-inside-inner-col{column-gap:var(--global-kb-gap-sm, 1rem);}.kadence-column725_ebfe6f-7f > .kt-inside-inner-col{flex-direction:column;}.kadence-column725_ebfe6f-7f > .kt-inside-inner-col > .aligncenter{width:100%;}.kadence-column725_ebfe6f-7f > .kt-inside-inner-col:before{opacity:0.3;}.kadence-column725_ebfe6f-7f{position:relative;}@media all and (max-width: 1024px){.kadence-column725_ebfe6f-7f > .kt-inside-inner-col{flex-direction:column;justify-content:center;}}@media all and (max-width: 767px){.kadence-column725_ebfe6f-7f > .kt-inside-inner-col{flex-direction:column;justify-content:center;}}<\/style>\n<div class=\"wp-block-kadence-column kadence-column725_ebfe6f-7f\"><div class=\"kt-inside-inner-col\">\n<p class=\"no-margin animated fadeInUp has-20-font-size\"><strong>POPT\u00c1V\u00c1TE V\u00ddROBU?<\/strong><\/p>\n\n\n\n<h2 class=\"wp-block-heading animated fadeInUp\"><strong>POPT\u00c1VKY PRO<\/strong><br><strong><mark style=\"background-color:rgba(0, 0, 0, 0);color:#ffcc01\" class=\"has-inline-color\">NACEN\u011aN\u00cd V\u00ddROBY<\/mark><\/strong><\/h2>\n\n\n\n<p class=\"animated fadeInUp has-20-font-size\">Pro zasl\u00e1n\u00ed popt\u00e1vky v\u00fdroby osazen\u00fdch desek plo\u0161n\u00fdch spoj\u016f (PCB) pros\u00edm vypl\u0148te n\u00ed\u017ee uveden\u00fd formul\u00e1\u0159 a p\u0159ilo\u017ete v\u0161echny dostupn\u00e9 podklady pot\u0159ebn\u00e9 pro zpracov\u00e1n\u00ed nab\u00eddky. \u010c\u00edm p\u0159esn\u011bj\u0161\u00ed informace o projektu poskytnete, t\u00edm rychleji a p\u0159esn\u011bji budeme schopni p\u0159ipravit cenovou kalkulaci.<\/p>\n<\/div><\/div>\n\n<\/div><\/div>\n\n<style>.kb-row-layout-id725_5f4f9e-49 > .kt-row-column-wrap{align-content:start;}:where(.kb-row-layout-id725_5f4f9e-49 > .kt-row-column-wrap) > .wp-block-kadence-column{justify-content:start;}.kb-row-layout-id725_5f4f9e-49 > .kt-row-column-wrap{column-gap:var(--global-kb-gap-md, 2rem);row-gap:var(--global-kb-gap-md, 2rem);padding-top:var(--global-kb-spacing-sm, 1.5rem);padding-bottom:var(--global-kb-spacing-xl, 4rem);grid-template-columns:minmax(0, 2fr) minmax(0, 1fr);}.kb-row-layout-id725_5f4f9e-49 > .kt-row-layout-overlay{opacity:0.30;}@media all and (max-width: 1024px){.kb-row-layout-id725_5f4f9e-49 > .kt-row-column-wrap{grid-template-columns:minmax(0, 2fr) minmax(0, 1fr);}}@media all and (max-width: 767px){.kb-row-layout-id725_5f4f9e-49 > .kt-row-column-wrap{grid-template-columns:minmax(0, 1fr);}}<\/style><div class=\"kb-row-layout-wrap kb-row-layout-id725_5f4f9e-49 alignnone wp-block-kadence-rowlayout\"><div class=\"kt-row-column-wrap kt-has-2-columns kt-row-layout-left-golden kt-tab-layout-inherit kt-mobile-layout-row kt-row-valign-top\">\n<style>.kadence-column725_6e16fa-31 > .kt-inside-inner-col{padding-top:var(--global-kb-spacing-lg, 3rem);padding-right:var(--global-kb-spacing-lg, 3rem);padding-bottom:var(--global-kb-spacing-lg, 3rem);padding-left:var(--global-kb-spacing-lg, 3rem);}.kadence-column725_6e16fa-31 > .kt-inside-inner-col,.kadence-column725_6e16fa-31 > .kt-inside-inner-col:before{border-top-left-radius:0px;border-top-right-radius:0px;border-bottom-right-radius:0px;border-bottom-left-radius:0px;}.kadence-column725_6e16fa-31 > .kt-inside-inner-col{column-gap:var(--global-kb-gap-sm, 1rem);}.kadence-column725_6e16fa-31 > .kt-inside-inner-col{flex-direction:column;}.kadence-column725_6e16fa-31 > .kt-inside-inner-col > .aligncenter{width:100%;}.kadence-column725_6e16fa-31 > .kt-inside-inner-col{background-color:#ffcc01;}.kadence-column725_6e16fa-31 > .kt-inside-inner-col:before{opacity:0.3;}.kadence-column725_6e16fa-31{position:relative;}@media all and (max-width: 1024px){.kadence-column725_6e16fa-31 > .kt-inside-inner-col{flex-direction:column;justify-content:center;}}@media all and (max-width: 767px){.kadence-column725_6e16fa-31 > .kt-inside-inner-col{flex-direction:column;justify-content:center;}}<\/style>\n<div class=\"wp-block-kadence-column kadence-column725_6e16fa-31\"><div class=\"kt-inside-inner-col\">\n<div class=\"wp-block-contact-form-7-contact-form-selector\">\n<div class=\"wpcf7 no-js\" id=\"wpcf7-f735-o1\" lang=\"cs-CZ\" dir=\"ltr\" data-wpcf7-id=\"735\">\n<div class=\"screen-reader-response\"><p role=\"status\" aria-live=\"polite\" aria-atomic=\"true\"><\/p> <ul><\/ul><\/div>\n<form action=\"\/en\/wp-json\/wp\/v2\/pages\/725#wpcf7-f735-o1\" method=\"post\" class=\"wpcf7-form init\" aria-label=\"Kontaktn\u00ed formul\u00e1\u0159\" novalidate=\"novalidate\" data-status=\"init\">\n<fieldset class=\"hidden-fields-container\"><input type=\"hidden\" name=\"_wpcf7\" value=\"735\" \/><input type=\"hidden\" name=\"_wpcf7_version\" value=\"6.1.5\" \/><input type=\"hidden\" name=\"_wpcf7_locale\" value=\"cs_CZ\" \/><input type=\"hidden\" name=\"_wpcf7_unit_tag\" value=\"wpcf7-f735-o1\" \/><input type=\"hidden\" name=\"_wpcf7_container_post\" value=\"0\" \/><input type=\"hidden\" name=\"_wpcf7_posted_data_hash\" value=\"\" \/><input type=\"hidden\" name=\"lang\" value=\"en\" \/>\n<\/fieldset>\n<h3 class=\"bold\">KONTAKTN\u00cd \u00daDAJE\n<\/h3>\n<p><label><span class=\"wpcf7-form-control-wrap\" data-name=\"pro_company\"><input size=\"40\" maxlength=\"400\" class=\"wpcf7-form-control wpcf7-text wpcf7-validates-as-required\" aria-required=\"true\" aria-invalid=\"false\" placeholder=\"N\u00e1zev firmy\" value=\"\" type=\"text\" name=\"pro_company\" \/><\/span><\/label><br \/>\n<label class=\"half\"><span class=\"wpcf7-form-control-wrap\" data-name=\"pro_ic\"><input size=\"40\" maxlength=\"400\" class=\"wpcf7-form-control wpcf7-text wpcf7-validates-as-required\" aria-required=\"true\" aria-invalid=\"false\" placeholder=\"Identifika\u010dn\u00ed \u010d\u00edslo (I\u010c)\" value=\"\" type=\"text\" name=\"pro_ic\" \/><\/span><\/label><br \/>\n<label class=\"half\"><span class=\"wpcf7-form-control-wrap\" data-name=\"pro_member\"><input size=\"40\" maxlength=\"400\" class=\"wpcf7-form-control wpcf7-text wpcf7-validates-as-required\" aria-required=\"true\" aria-invalid=\"false\" placeholder=\"Kontaktn\u00ed osoba\" value=\"\" type=\"text\" name=\"pro_member\" \/><\/span><\/label><br \/>\n<label class=\"half\"><span class=\"wpcf7-form-control-wrap\" data-name=\"pro_phone\"><input size=\"40\" maxlength=\"400\" class=\"wpcf7-form-control wpcf7-tel wpcf7-validates-as-required wpcf7-text wpcf7-validates-as-tel\" aria-required=\"true\" aria-invalid=\"false\" placeholder=\"Kontaktn\u00ed telefon\" value=\"\" type=\"tel\" name=\"pro_phone\" \/><\/span><\/label><br \/>\n<label class=\"half\"><span class=\"wpcf7-form-control-wrap\" data-name=\"pro_mail\"><input size=\"40\" maxlength=\"400\" class=\"wpcf7-form-control wpcf7-email wpcf7-validates-as-required wpcf7-text wpcf7-validates-as-email\" aria-required=\"true\" aria-invalid=\"false\" placeholder=\"Kontaktn\u00ed email\" value=\"\" type=\"email\" name=\"pro_mail\" \/><\/span><\/label>\n<\/p>\n<h3 class=\"bold\">V\u00ddROBEK\n<\/h3>\n<p><label class=\"half\"><span class=\"wpcf7-form-control-wrap\" data-name=\"pro_model\"><input size=\"40\" maxlength=\"400\" class=\"wpcf7-form-control wpcf7-text wpcf7-validates-as-required\" aria-required=\"true\" aria-invalid=\"false\" placeholder=\"N\u00e1zev v\u00fdrobku\" value=\"\" type=\"text\" name=\"pro_model\" \/><\/span><\/label><br \/>\n<label class=\"half\"><span class=\"wpcf7-form-control-wrap\" data-name=\"pro_model_count\"><input size=\"40\" maxlength=\"400\" class=\"wpcf7-form-control wpcf7-text wpcf7-validates-as-required\" aria-required=\"true\" aria-invalid=\"false\" placeholder=\"S\u00e9riovost \/ po\u010det kus\u016f\" value=\"\" type=\"text\" name=\"pro_model_count\" \/><\/span><\/label>\n<\/p>\n<h4 class=\"bold\">TECHNOLOGIE V\u00ddROBY\n<\/h4>\n<p><label class=\"half\"><span class=\"bold\">Vyberte z mo\u017enost\u00ed:<\/span><span class=\"small-text\">Vyberte technologick\u00fd postup v\u00fdroby<\/span><\/label><br \/>\n<label class=\"half\"><span class=\"wpcf7-form-control-wrap\" data-name=\"pro_tech_vyroby\"><select class=\"wpcf7-form-control wpcf7-select\" aria-invalid=\"false\" name=\"pro_tech_vyroby\"><option value=\"RoHS\" selected=\"selected\">RoHS<\/option><option value=\"Pb\">Pb<\/option><\/select><\/span><\/label><br \/>\n<label class=\"half\"><span class=\"bold\">Dod\u00e1n\u00ed materi\u00e1lu:<\/span><span class=\"small-text\">Jedn\u00e1 se o materi\u00e1l a sou\u010d\u00e1stky krom\u011b DPS<\/span><\/label><br \/>\n<label class=\"half\"><span class=\"wpcf7-form-control-wrap\" data-name=\"pro_tech_material\"><select class=\"wpcf7-form-control wpcf7-select\" aria-invalid=\"false\" name=\"pro_tech_material\"><option value=\"Materi\u00e1l dod\u00e1 AEV\" selected=\"selected\">Materi\u00e1l dod\u00e1 AEV<\/option><option value=\"Materi\u00e1l dod\u00e1m s\u00e1m\">Materi\u00e1l dod\u00e1m s\u00e1m<\/option><option value=\"\u010c\u00e1st dod\u00e1m s\u00e1m a \u010d\u00e1st AEV\">\u010c\u00e1st dod\u00e1m s\u00e1m a \u010d\u00e1st AEV<\/option><\/select><\/span><\/label><br \/>\n<label class=\"half\"><span class=\"bold\">Dod\u00e1n\u00ed desek plo\u0161n\u00fdch spoj\u016f<\/span><span class=\"small-text\">Vyberte z mo\u017enost\u00ed<\/span><\/label><br \/>\n<label class=\"half\"><span class=\"wpcf7-form-control-wrap\" data-name=\"pro_tech_dodani_spoju\"><select class=\"wpcf7-form-control wpcf7-select\" aria-invalid=\"false\" name=\"pro_tech_dodani_spoju\"><option value=\"Po\u017eaduji po AEV\" selected=\"selected\">Po\u017eaduji po AEV<\/option><option value=\"Dod\u00e1m s\u00e1m\">Dod\u00e1m s\u00e1m<\/option><\/select><\/span><\/label>\n<\/p>\n<h4 class=\"bold\">DAL\u0160\u00cd PR\u00c1CE NA DESK\u00c1CH PLO\u0160N\u00ddCH SPOJ\u016e\n<\/h4>\n<p><label class=\"half\"><span class=\"small-text\">Odesl\u00e1n\u00edm Va\u0161eho dotazu souhlas\u00edte se zpracov\u00e1n\u00edm osobn\u00edch \u00fadaj\u016f podle z\u00e1kona \u010d. 110\/2019 Sb., o ochran\u011b osobn\u00edch \u00fadaj\u016f.<\/span><\/label><br \/>\n<label class=\"half\"><input class=\"wpcf7-form-control wpcf7-submit has-spinner\" type=\"submit\" value=\"ODESLAT DOTAZ\" \/><\/label>\n<\/p><div class=\"wpcf7-response-output\" aria-hidden=\"true\"><\/div>\n<\/form>\n<\/div>\n<\/div>\n<\/div><\/div>\n\n\n<style>.kadence-column725_ec7add-78 > .kt-inside-inner-col,.kadence-column725_ec7add-78 > .kt-inside-inner-col:before{border-top-left-radius:0px;border-top-right-radius:0px;border-bottom-right-radius:0px;border-bottom-left-radius:0px;}.kadence-column725_ec7add-78 > .kt-inside-inner-col{column-gap:var(--global-kb-gap-sm, 1rem);}.kadence-column725_ec7add-78 > .kt-inside-inner-col{flex-direction:column;}.kadence-column725_ec7add-78 > .kt-inside-inner-col > .aligncenter{width:100%;}.kadence-column725_ec7add-78 > .kt-inside-inner-col:before{opacity:0.3;}.kadence-column725_ec7add-78{position:relative;}@media all and (max-width: 1024px){.kadence-column725_ec7add-78 > .kt-inside-inner-col{flex-direction:column;justify-content:center;}}@media all and (max-width: 767px){.kadence-column725_ec7add-78 > .kt-inside-inner-col{flex-direction:column;justify-content:center;}}<\/style>\n<div class=\"wp-block-kadence-column kadence-column725_ec7add-78\"><div class=\"kt-inside-inner-col\"><\/div><\/div>\n\n<\/div><\/div>\n\n\n<div class=\"wp-block-media-text alignwide is-stacked-on-mobile no-margin has-white-color has-text-color has-background has-link-color wp-elements-4b51836c2d27345ffde904e8ce78c21d\" style=\"background-color:#1a1a1a\"><figure class=\"wp-block-media-text__media\"><img loading=\"lazy\" decoding=\"async\" width=\"1024\" height=\"1024\" src=\"https:\/\/aev.cz\/wp-content\/uploads\/2025\/11\/intro-house.webp\" alt=\"\" class=\"wp-image-517 size-full\" srcset=\"https:\/\/aev.cz\/wp-content\/uploads\/2025\/11\/intro-house.webp 1024w, https:\/\/aev.cz\/wp-content\/uploads\/2025\/11\/intro-house-300x300.webp 300w, https:\/\/aev.cz\/wp-content\/uploads\/2025\/11\/intro-house-150x150.webp 150w, https:\/\/aev.cz\/wp-content\/uploads\/2025\/11\/intro-house-768x768.webp 768w, https:\/\/aev.cz\/wp-content\/uploads\/2025\/11\/intro-house-860x860.webp 860w\" sizes=\"auto, (max-width: 1024px) 100vw, 1024px\" \/><\/figure><div class=\"wp-block-media-text__content\">\n<h2 class=\"wp-block-heading animated fadeInUp\"><strong>NEOBJEVILI JSTE TO CO JSTE HLEDALI? <mark style=\"background-color:rgba(0, 0, 0, 0);color:#ffcc01\" class=\"has-inline-color\">M\u00c1TE P\u0158\u00cdPADN\u00c9 DOTAZY? NEV\u00c1HEJTE A KONTAKTUJTE N\u00c1S!<\/mark><\/strong><\/h2>\n\n\n\n<p class=\"animated fadeInUp has-20-font-size\">Nejste si jednodu\u0161e jist\u00ed? Pot\u0159ebujete odbornou radu? Nebo pot\u0159ebujete zodpov\u011bd\u011bt n\u011bjak\u00e9 dotazy? Kontaktujte na\u0161e specialisty!<\/p>\n\n\n\n<div style=\"height:20px\" aria-hidden=\"true\" class=\"wp-block-spacer\"><\/div>\n\n\n\n<div class=\"wp-block-buttons animated fadeInUp is-layout-flex wp-block-buttons-is-layout-flex\">\n<div class=\"wp-block-button scroll\"><a class=\"wp-block-button__link has-black-color has-text-color has-background has-link-color wp-element-button\" href=\"https:\/\/aev.cz\/kontakt\/\" style=\"border-radius:0px;background-color:#ffcc01\"><strong>ANO CHCI KONTAKTOVAT<\/strong><\/a><\/div>\n<\/div>\n<\/div><\/div>\n","protected":false},"excerpt":{"rendered":"<p>POPT\u00c1V\u00c1TE V\u00ddROBU? POPT\u00c1VKY PRONACEN\u011aN\u00cd V\u00ddROBY Pro zasl\u00e1n\u00ed popt\u00e1vky v\u00fdroby osazen\u00fdch desek plo\u0161n\u00fdch spoj\u016f (PCB) pros\u00edm vypl\u0148te n\u00ed\u017ee uveden\u00fd formul\u00e1\u0159 a p\u0159ilo\u017ete v\u0161echny dostupn\u00e9 podklady pot\u0159ebn\u00e9 pro zpracov\u00e1n\u00ed nab\u00eddky. \u010c\u00edm p\u0159esn\u011bj\u0161\u00ed informace o projektu poskytnete, t\u00edm rychleji a p\u0159esn\u011bji budeme schopni p\u0159ipravit cenovou kalkulaci.<\/p>\n","protected":false},"author":1,"featured_media":0,"parent":0,"menu_order":0,"comment_status":"closed","ping_status":"closed","template":"page-hide-title.php","meta":{"footnotes":""},"class_list":["post-725","page","type-page","status-publish","hentry"],"_links":{"self":[{"href":"https:\/\/aev.cz\/en\/wp-json\/wp\/v2\/pages\/725","targetHints":{"allow":["GET"]}}],"collection":[{"href":"https:\/\/aev.cz\/en\/wp-json\/wp\/v2\/pages"}],"about":[{"href":"https:\/\/aev.cz\/en\/wp-json\/wp\/v2\/types\/page"}],"author":[{"embeddable":true,"href":"https:\/\/aev.cz\/en\/wp-json\/wp\/v2\/users\/1"}],"replies":[{"embeddable":true,"href":"https:\/\/aev.cz\/en\/wp-json\/wp\/v2\/comments?post=725"}],"version-history":[{"count":10,"href":"https:\/\/aev.cz\/en\/wp-json\/wp\/v2\/pages\/725\/revisions"}],"predecessor-version":[{"id":798,"href":"https:\/\/aev.cz\/en\/wp-json\/wp\/v2\/pages\/725\/revisions\/798"}],"wp:attachment":[{"href":"https:\/\/aev.cz\/en\/wp-json\/wp\/v2\/media?parent=725"}],"curies":[{"name":"wp","href":"https:\/\/api.w.org\/{rel}","templated":true}]}}